{"id":53,"date":"2024-12-06T13:12:03","date_gmt":"2024-12-06T16:12:03","guid":{"rendered":"https:\/\/labmedcin.com.br\/?page_id=53"},"modified":"2024-12-12T12:29:13","modified_gmt":"2024-12-12T15:29:13","slug":"contato","status":"publish","type":"page","link":"https:\/\/labmedcin.com.br\/index.php\/contato\/","title":{"rendered":"CONTATO"},"content":{"rendered":"\t\t<div data-elementor-type=\"wp-page\" data-elementor-id=\"53\" class=\"elementor elementor-53\">\n\t\t\t\t<div class=\"elementor-element elementor-element-0f708d2 e-flex e-con-boxed e-con e-parent\" data-id=\"0f708d2\" data-element_type=\"container\">\n\t\t\t\t\t<div class=\"e-con-inner\">\n\t\t\t\t<div class=\"elementor-element elementor-element-3a892c5 elementor-widget elementor-widget-heading\" data-id=\"3a892c5\" data-element_type=\"widget\" data-widget_type=\"heading.default\">\n\t\t\t\t<div class=\"elementor-widget-container\">\n\t\t\t<h2 class=\"elementor-heading-title elementor-size-default\">FALE CONOSCO<\/h2>\t\t<\/div>\n\t\t\t\t<\/div>\n\t\t\t\t\t<\/div>\n\t\t\t\t<\/div>\n\t\t<div class=\"elementor-element elementor-element-c8b3b22 e-grid e-con-full e-con e-parent\" data-id=\"c8b3b22\" data-element_type=\"container\">\n\t\t\t\t<div class=\"elementor-element elementor-element-d1e9f72 elementor-position-top elementor-widget elementor-widget-image-box\" data-id=\"d1e9f72\" data-element_type=\"widget\" data-widget_type=\"image-box.default\">\n\t\t\t\t<div class=\"elementor-widget-container\">\n\t\t\t<div class=\"elementor-image-box-wrapper\"><figure class=\"elementor-image-box-img\"><img fetchpriority=\"high\" decoding=\"async\" width=\"400\" height=\"300\" src=\"https:\/\/labmedcin.com.br\/wp-content\/uploads\/2024\/12\/UN-ARARAS1-400x300-2.jpg\" class=\"attachment-full size-full wp-image-112\" alt=\"\" srcset=\"https:\/\/labmedcin.com.br\/wp-content\/uploads\/2024\/12\/UN-ARARAS1-400x300-2.jpg 400w, https:\/\/labmedcin.com.br\/wp-content\/uploads\/2024\/12\/UN-ARARAS1-400x300-2-300x225.jpg 300w\" sizes=\"(max-width: 400px) 100vw, 400px\" \/><\/figure><div class=\"elementor-image-box-content\"><h2 class=\"elementor-image-box-title\">ARARAS<\/h2><p class=\"elementor-image-box-description\">Segunda a Sexta: 06h \u00e0s 17h<br>S\u00e1bado: 06:30h \u00e0s 11h<br>(19) 3542-9191 | (19) 99755-9481<br>atendimento.araras@labmedcin.com.br<br>R. Cel. Justiniano, 671 - Centro<\/p><\/div><\/div>\t\t<\/div>\n\t\t\t\t<\/div>\n\t\t\t\t<div class=\"elementor-element elementor-element-f17114c elementor-position-top elementor-widget elementor-widget-image-box\" data-id=\"f17114c\" data-element_type=\"widget\" data-widget_type=\"image-box.default\">\n\t\t\t\t<div class=\"elementor-widget-container\">\n\t\t\t<div class=\"elementor-image-box-wrapper\"><figure class=\"elementor-image-box-img\"><img decoding=\"async\" width=\"400\" height=\"300\" src=\"https:\/\/labmedcin.com.br\/wp-content\/uploads\/2024\/12\/MEDCIN-CONCHAL-400x300-1.jpeg\" class=\"attachment-full size-full wp-image-110\" alt=\"\" srcset=\"https:\/\/labmedcin.com.br\/wp-content\/uploads\/2024\/12\/MEDCIN-CONCHAL-400x300-1.jpeg 400w, https:\/\/labmedcin.com.br\/wp-content\/uploads\/2024\/12\/MEDCIN-CONCHAL-400x300-1-300x225.jpeg 300w\" sizes=\"(max-width: 400px) 100vw, 400px\" \/><\/figure><div class=\"elementor-image-box-content\"><h2 class=\"elementor-image-box-title\">CONCHAL<\/h2><p class=\"elementor-image-box-description\">Segunda a Sexta: 06h \u00e0s 17h<br>S\u00e1bado: 07h \u00e0s 11h<br>(19) 3866-2636 | (19) 99810-4116<br>atendimento.conchal@labmedcin.com.br<br>Rua das Ang\u00e9licas, 745 - Jd Dulce Maria\n<\/p><\/div><\/div>\t\t<\/div>\n\t\t\t\t<\/div>\n\t\t\t\t<div class=\"elementor-element elementor-element-5e814bc elementor-position-top elementor-widget elementor-widget-image-box\" data-id=\"5e814bc\" data-element_type=\"widget\" data-widget_type=\"image-box.default\">\n\t\t\t\t<div class=\"elementor-widget-container\">\n\t\t\t<div class=\"elementor-image-box-wrapper\"><figure class=\"elementor-image-box-img\"><img decoding=\"async\" width=\"400\" height=\"300\" src=\"https:\/\/labmedcin.com.br\/wp-content\/uploads\/2024\/12\/MEDCIN-LEME-400x300-1.jpeg\" class=\"attachment-full size-full wp-image-111\" alt=\"\" srcset=\"https:\/\/labmedcin.com.br\/wp-content\/uploads\/2024\/12\/MEDCIN-LEME-400x300-1.jpeg 400w, https:\/\/labmedcin.com.br\/wp-content\/uploads\/2024\/12\/MEDCIN-LEME-400x300-1-300x225.jpeg 300w\" sizes=\"(max-width: 400px) 100vw, 400px\" \/><\/figure><div class=\"elementor-image-box-content\"><h2 class=\"elementor-image-box-title\">LEME<\/h2><p class=\"elementor-image-box-description\">Segunda a Sexta: 06h \u00e0s 17:30h<br>S\u00e1bado: 06h \u00e0s 11h<br>(19) 3555-3578 | (19) 99857-3517<br>atendimento.leme@labmedcin.com.br<br>Av. Dr. Jambeiro Costa, 1387 - V. Bom Jesus<\/p><\/div><\/div>\t\t<\/div>\n\t\t\t\t<\/div>\n\t\t\t\t<div class=\"elementor-element elementor-element-764bfe4 elementor-widget elementor-widget-google_maps\" data-id=\"764bfe4\" data-element_type=\"widget\" data-widget_type=\"google_maps.default\">\n\t\t\t\t<div class=\"elementor-widget-container\">\n\t\t\t\t\t<div class=\"elementor-custom-embed\">\n\t\t\t<iframe loading=\"lazy\"\n\t\t\t\t\tsrc=\"https:\/\/maps.google.com\/maps?q=medcin%2C%20araras%2C%20s%C3%A3o%20paulo%2C%20brasil&#038;t=m&#038;z=10&#038;output=embed&#038;iwloc=near\"\n\t\t\t\t\ttitle=\"medcin, araras, s\u00e3o paulo, brasil\"\n\t\t\t\t\taria-label=\"medcin, araras, s\u00e3o paulo, brasil\"\n\t\t\t><\/iframe>\n\t\t<\/div>\n\t\t\t\t<\/div>\n\t\t\t\t<\/div>\n\t\t\t\t<div class=\"elementor-element elementor-element-d3e6a91 elementor-widget elementor-widget-google_maps\" data-id=\"d3e6a91\" data-element_type=\"widget\" data-widget_type=\"google_maps.default\">\n\t\t\t\t<div class=\"elementor-widget-container\">\n\t\t\t\t\t<div class=\"elementor-custom-embed\">\n\t\t\t<iframe loading=\"lazy\"\n\t\t\t\t\tsrc=\"https:\/\/maps.google.com\/maps?q=MEDCIN%2CCONCHAL%2CS%C3%83O%20PAULO%2CBRASIL&#038;t=m&#038;z=10&#038;output=embed&#038;iwloc=near\"\n\t\t\t\t\ttitle=\"MEDCIN,CONCHAL,S\u00c3O PAULO,BRASIL\"\n\t\t\t\t\taria-label=\"MEDCIN,CONCHAL,S\u00c3O PAULO,BRASIL\"\n\t\t\t><\/iframe>\n\t\t<\/div>\n\t\t\t\t<\/div>\n\t\t\t\t<\/div>\n\t\t\t\t<div class=\"elementor-element elementor-element-c888cda elementor-widget elementor-widget-google_maps\" data-id=\"c888cda\" data-element_type=\"widget\" data-widget_type=\"google_maps.default\">\n\t\t\t\t<div class=\"elementor-widget-container\">\n\t\t\t\t\t<div class=\"elementor-custom-embed\">\n\t\t\t<iframe loading=\"lazy\"\n\t\t\t\t\tsrc=\"https:\/\/maps.google.com\/maps?q=MEDCIN%2C%20LEME%2CS%C3%83O%20PAULO%2C%20BRASIL&#038;t=m&#038;z=10&#038;output=embed&#038;iwloc=near\"\n\t\t\t\t\ttitle=\"MEDCIN, LEME,S\u00c3O PAULO, BRASIL\"\n\t\t\t\t\taria-label=\"MEDCIN, LEME,S\u00c3O PAULO, BRASIL\"\n\t\t\t><\/iframe>\n\t\t<\/div>\n\t\t\t\t<\/div>\n\t\t\t\t<\/div>\n\t\t\t\t<\/div>\n\t\t\t\t<\/div>\n\t\t","protected":false},"excerpt":{"rendered":"<p>FALE CONOSCO ARARAS Segunda a Sexta: 06h \u00e0s 17hS\u00e1bado: 06:30h \u00e0s 11h(19) 3542-9191 | (19) 99755-9481atendimento.araras@labmedcin.com.brR. Cel. Justiniano, 671 &#8211; Centro CONCHAL Segunda a Sexta: 06h \u00e0s 17hS\u00e1bado: 07h \u00e0s 11h(19) 3866-2636 | (19) 99810-4116atendimento.conchal@labmedcin.com.brRua das Ang\u00e9licas, 745 &#8211; Jd Dulce Maria LEME Segunda a Sexta: 06h \u00e0s 17:30hS\u00e1bado: 06h \u00e0s 11h(19) 3555-3578 | (19)&#8230;<\/p>\n","protected":false},"author":1,"featured_media":0,"parent":0,"menu_order":0,"comment_status":"closed","ping_status":"closed","template":"","meta":{"_kadence_starter_templates_imported_post":false,"_kad_post_transparent":"default","_kad_post_title":"default","_kad_post_layout":"default","_kad_post_sidebar_id":"","_kad_post_content_style":"default","_kad_post_vertical_padding":"default","_kad_post_feature":"","_kad_post_feature_position":"","_kad_post_header":false,"_kad_post_footer":false,"footnotes":""},"class_list":["post-53","page","type-page","status-publish","hentry"],"_links":{"self":[{"href":"https:\/\/labmedcin.com.br\/index.php\/wp-json\/wp\/v2\/pages\/53","targetHints":{"allow":["GET"]}}],"collection":[{"href":"https:\/\/labmedcin.com.br\/index.php\/wp-json\/wp\/v2\/pages"}],"about":[{"href":"https:\/\/labmedcin.com.br\/index.php\/wp-json\/wp\/v2\/types\/page"}],"author":[{"embeddable":true,"href":"https:\/\/labmedcin.com.br\/index.php\/wp-json\/wp\/v2\/users\/1"}],"replies":[{"embeddable":true,"href":"https:\/\/labmedcin.com.br\/index.php\/wp-json\/wp\/v2\/comments?post=53"}],"version-history":[{"count":40,"href":"https:\/\/labmedcin.com.br\/index.php\/wp-json\/wp\/v2\/pages\/53\/revisions"}],"predecessor-version":[{"id":646,"href":"https:\/\/labmedcin.com.br\/index.php\/wp-json\/wp\/v2\/pages\/53\/revisions\/646"}],"wp:attachment":[{"href":"https:\/\/labmedcin.com.br\/index.php\/wp-json\/wp\/v2\/media?parent=53"}],"curies":[{"name":"wp","href":"https:\/\/api.w.org\/{rel}","templated":true}]}}