{"id":526,"date":"2024-12-11T10:24:03","date_gmt":"2024-12-11T13:24:03","guid":{"rendered":"http:\/\/labmedcin.com.br\/?page_id=526"},"modified":"2024-12-12T09:54:29","modified_gmt":"2024-12-12T12:54:29","slug":"direitos-e-deveres","status":"publish","type":"page","link":"https:\/\/labmedcin.com.br\/index.php\/direitos-e-deveres\/","title":{"rendered":"DIREITOS E DEVERES DO PACIENTE"},"content":{"rendered":"\t\t<div data-elementor-type=\"wp-page\" data-elementor-id=\"526\" class=\"elementor elementor-526\">\n\t\t\t\t<div class=\"elementor-element elementor-element-7751c95 e-flex e-con-boxed e-con e-parent\" data-id=\"7751c95\" data-element_type=\"container\">\n\t\t\t\t\t<div class=\"e-con-inner\">\n\t\t\t\t<div class=\"elementor-element elementor-element-5f04717 elementor-widget elementor-widget-heading\" data-id=\"5f04717\" data-element_type=\"widget\" data-widget_type=\"heading.default\">\n\t\t\t\t<div class=\"elementor-widget-container\">\n\t\t\t<h2 class=\"elementor-heading-title elementor-size-default\"><span style=\"font-size: 28px\">DIRETOS E DEVERES DOS PACIENTES<\/span><\/h2>\t\t<\/div>\n\t\t\t\t<\/div>\n\t\t\t\t\t<\/div>\n\t\t\t\t<\/div>\n\t\t<div class=\"elementor-element elementor-element-56df765 e-flex e-con-boxed e-con e-parent\" data-id=\"56df765\" data-element_type=\"container\">\n\t\t\t\t\t<div class=\"e-con-inner\">\n\t\t\t\t<div class=\"elementor-element elementor-element-63052a4 elementor-widget elementor-widget-heading\" data-id=\"63052a4\" data-element_type=\"widget\" data-widget_type=\"heading.default\">\n\t\t\t\t<div class=\"elementor-widget-container\">\n\t\t\t<h2 class=\"elementor-heading-title elementor-size-default\">\u00c9 de direito do paciente durante todo o per\u00edodo de seu atendimento: <\/h2>\t\t<\/div>\n\t\t\t\t<\/div>\n\t\t\t\t\t<\/div>\n\t\t\t\t<\/div>\n\t\t<div class=\"elementor-element elementor-element-52e81a2 e-flex e-con-boxed e-con e-parent\" data-id=\"52e81a2\" data-element_type=\"container\">\n\t\t\t\t\t<div class=\"e-con-inner\">\n\t\t\t\t<div class=\"elementor-element elementor-element-4514514 elementor-widget elementor-widget-text-editor\" data-id=\"4514514\" data-element_type=\"widget\" data-widget_type=\"text-editor.default\">\n\t\t\t\t<div class=\"elementor-widget-container\">\n\t\t\t\t\t\t\t<ol><li>Receber um atendimento digno, respeitoso, humanizado e atencioso por todos os colaboradores deste Grupo, livre de preconceitos de ra\u00e7a, etnia, credo, sexo, idade, origem ou quaisquer outros tipos de preconceito;<\/li><li>Ser identificado atrav\u00e9s de seu nome e sobrenome, ou nome social, n\u00e3o sendo permitido o tratamento por quaisquer outras formas impr\u00f3prias, preconceituosas ou desrespeitosas;<\/li><li>Ter assegurada sua acessibilidade de forma compat\u00edvel com suas necessidades particulares\/especiais durante toda sua perman\u00eancia no laborat\u00f3rio;<\/li><li>Ter assegurada sua integridade f\u00edsica e moral, sua seguran\u00e7a, individualidade e privacidade em qualquer momento do atendimento;<\/li><li>Ter o direito de confidencialidade de suas informa\u00e7\u00f5es assegurados pela manuten\u00e7\u00e3o do sigilo profissional;<\/li><li>Identificar todos os profissionais que atuam direta ou indiretamente no seu atendimento atrav\u00e9s do crach\u00e1, que deve conter o nome leg\u00edvel e estar fixado em local vis\u00edvel;<\/li><li>Sempre que necessitar, e em qualquer situa\u00e7\u00e3o, receber aux\u00edlio de um profissional que esteja presente no local e devidamente habilitado de acordo com a sua necessidade, de forma a garantir seu bem-estar, conforto e seguran\u00e7a;<\/li><li>Receber informa\u00e7\u00f5es de f\u00e1cil compreens\u00e3o e objetivas sobre seu atendimento;<\/li><\/ol>\t\t\t\t\t\t<\/div>\n\t\t\t\t<\/div>\n\t\t\t\t\t<\/div>\n\t\t\t\t<\/div>\n\t\t<div class=\"elementor-element elementor-element-7966a63 e-flex e-con-boxed e-con e-parent\" data-id=\"7966a63\" data-element_type=\"container\">\n\t\t\t\t\t<div class=\"e-con-inner\">\n\t\t\t\t<div class=\"elementor-element elementor-element-79206f7 elementor-widget-divider--view-line elementor-widget elementor-widget-divider\" data-id=\"79206f7\" data-element_type=\"widget\" data-widget_type=\"divider.default\">\n\t\t\t\t<div class=\"elementor-widget-container\">\n\t\t\t\t\t<div class=\"elementor-divider\">\n\t\t\t<span class=\"elementor-divider-separator\">\n\t\t\t\t\t\t<\/span>\n\t\t<\/div>\n\t\t\t\t<\/div>\n\t\t\t\t<\/div>\n\t\t\t\t\t<\/div>\n\t\t\t\t<\/div>\n\t\t<div class=\"elementor-element elementor-element-157edf6 e-flex e-con-boxed e-con e-parent\" data-id=\"157edf6\" data-element_type=\"container\">\n\t\t\t\t\t<div class=\"e-con-inner\">\n\t\t\t\t<div class=\"elementor-element elementor-element-261b50c elementor-widget elementor-widget-heading\" data-id=\"261b50c\" data-element_type=\"widget\" data-widget_type=\"heading.default\">\n\t\t\t\t<div class=\"elementor-widget-container\">\n\t\t\t<h2 class=\"elementor-heading-title elementor-size-default\">S\u00e3o deveres dos pacientes durante o per\u00edodo de seu atendimento:<\/h2>\t\t<\/div>\n\t\t\t\t<\/div>\n\t\t\t\t\t<\/div>\n\t\t\t\t<\/div>\n\t\t<div class=\"elementor-element elementor-element-4b3eac0 e-flex e-con-boxed e-con e-parent\" data-id=\"4b3eac0\" data-element_type=\"container\">\n\t\t\t\t\t<div class=\"e-con-inner\">\n\t\t\t\t<div class=\"elementor-element elementor-element-329c669 elementor-widget elementor-widget-text-editor\" data-id=\"329c669\" data-element_type=\"widget\" data-widget_type=\"text-editor.default\">\n\t\t\t\t<div class=\"elementor-widget-container\">\n\t\t\t\t\t\t\t<ol><li>Respeitar e prezar pelos direitos dos demais pacientes, colaboradores e prestadores de servi\u00e7o do Grupo Medcin, tratando-os de forma civilizada e cort\u00eas;<\/li><li>Ter em m\u00e3os os documentos oficiais com foto, necess\u00e1rios para o atendimento, bem como apresent\u00e1-los sempre que solicitado;<\/li><li>Providenciar toda a documenta\u00e7\u00e3o necess\u00e1ria para autoriza\u00e7\u00e3o do atendimento perante seu conv\u00eanio m\u00e9dico, bem como entregar pedidos e guias de autoriza\u00e7\u00e3o de procedimentos que tiver na sua posse;<\/li><li>Fornecer toda e qualquer informa\u00e7\u00e3o que possam interferir nos resultados de seus exames, inclusive o uso de medicamentos, condi\u00e7\u00f5es pr\u00e9-existentes e hip\u00f3teses diagn\u00f3sticas, assim que solicitados;<\/li><li>Seguir as instru\u00e7\u00f5es que lhe foram passadas pelos profissionais do laborat\u00f3rio, se responsabilizando pelas consequ\u00eancias da n\u00e3o observa\u00e7\u00e3o dessas instru\u00e7\u00f5es.<\/li><li>Honrar com seu compromisso financeiro e saldar suas despesas provenientes de quaisquer servi\u00e7os prestados pela institui\u00e7\u00e3o;<\/li><li><span style=\"font-family: var(--global-body-font-family);\">Zelar pelo patrim\u00f4nio privado da institui\u00e7\u00e3o colocado \u00e0 sua disposi\u00e7\u00e3o, visando seu conforto e o dos demais pacientes durante o per\u00edodo de atendimento;<\/span><\/li><li>N\u00e3o fumar nas depend\u00eancias da institui\u00e7\u00e3o;<\/li><\/ol>\t\t\t\t\t\t<\/div>\n\t\t\t\t<\/div>\n\t\t\t\t\t<\/div>\n\t\t\t\t<\/div>\n\t\t\t\t<\/div>\n\t\t","protected":false},"excerpt":{"rendered":"<p>DIRETOS E DEVERES DOS PACIENTES \u00c9 de direito do paciente durante todo o per\u00edodo de seu atendimento: Receber um atendimento digno, respeitoso, humanizado e atencioso por todos os colaboradores deste Grupo, livre de preconceitos de ra\u00e7a, etnia, credo, sexo, idade, origem ou quaisquer outros tipos de preconceito; Ser identificado atrav\u00e9s de seu nome e sobrenome,&#8230;<\/p>\n","protected":false},"author":1,"featured_media":0,"parent":0,"menu_order":0,"comment_status":"closed","ping_status":"closed","template":"","meta":{"_kadence_starter_templates_imported_post":false,"_kad_post_transparent":"default","_kad_post_title":"hide","_kad_post_layout":"fullwidth","_kad_post_sidebar_id":"","_kad_post_content_style":"unboxed","_kad_post_vertical_padding":"hide","_kad_post_feature":"hide","_kad_post_feature_position":"","_kad_post_header":false,"_kad_post_footer":false,"footnotes":""},"class_list":["post-526","page","type-page","status-publish","hentry"],"_links":{"self":[{"href":"https:\/\/labmedcin.com.br\/index.php\/wp-json\/wp\/v2\/pages\/526","targetHints":{"allow":["GET"]}}],"collection":[{"href":"https:\/\/labmedcin.com.br\/index.php\/wp-json\/wp\/v2\/pages"}],"about":[{"href":"https:\/\/labmedcin.com.br\/index.php\/wp-json\/wp\/v2\/types\/page"}],"author":[{"embeddable":true,"href":"https:\/\/labmedcin.com.br\/index.php\/wp-json\/wp\/v2\/users\/1"}],"replies":[{"embeddable":true,"href":"https:\/\/labmedcin.com.br\/index.php\/wp-json\/wp\/v2\/comments?post=526"}],"version-history":[{"count":25,"href":"https:\/\/labmedcin.com.br\/index.php\/wp-json\/wp\/v2\/pages\/526\/revisions"}],"predecessor-version":[{"id":608,"href":"https:\/\/labmedcin.com.br\/index.php\/wp-json\/wp\/v2\/pages\/526\/revisions\/608"}],"wp:attachment":[{"href":"https:\/\/labmedcin.com.br\/index.php\/wp-json\/wp\/v2\/media?parent=526"}],"curies":[{"name":"wp","href":"https:\/\/api.w.org\/{rel}","templated":true}]}}